{"id":2864,"date":"2026-01-20T08:23:20","date_gmt":"2026-01-20T07:23:20","guid":{"rendered":"https:\/\/kaeser-academy.com\/?page_id=2864"},"modified":"2026-02-12T11:08:07","modified_gmt":"2026-02-12T10:08:07","slug":"online-analyse-tools","status":"publish","type":"page","link":"https:\/\/kaeser-academy.com\/en\/online-analyse-tools\/","title":{"rendered":"Online Analyse Tools"},"content":{"rendered":"<div data-elementor-type=\"wp-page\" data-elementor-id=\"2864\" class=\"elementor elementor-2864\" data-elementor-post-type=\"page\">\n\t\t\t\t<div class=\"elementor-element elementor-element-6a98b09 e-flex e-con-boxed wpr-particle-no wpr-jarallax-no wpr-parallax-no wpr-sticky-section-no wpr-equal-height-no e-con e-parent\" data-id=\"6a98b09\" data-element_type=\"container\" data-e-type=\"container\" data-settings=\"{&quot;background_background&quot;:&quot;classic&quot;}\">\n\t\t\t\t\t<div class=\"e-con-inner\">\n\t\t\t\t<div class=\"elementor-element elementor-element-d0bbf47 elementor-widget elementor-widget-heading\" data-id=\"d0bbf47\" data-element_type=\"widget\" data-e-type=\"widget\" data-widget_type=\"heading.default\">\n\t\t\t\t<div class=\"elementor-widget-container\">\n\t\t\t\t\t<h1 class=\"elementor-heading-title elementor-size-default\">Online Analyse Tools<\/h1>\t\t\t\t<\/div>\n\t\t\t\t<\/div>\n\t\t\t\t<div class=\"elementor-element elementor-element-c5387ac elementor-widget elementor-widget-heading\" data-id=\"c5387ac\" data-element_type=\"widget\" data-e-type=\"widget\" data-widget_type=\"heading.default\">\n\t\t\t\t<div class=\"elementor-widget-container\">\n\t\t\t\t\t<h2 class=\"elementor-heading-title elementor-size-default\">fu\u0308r Personalentwickler, Teamverantwortliche <br>\nund motivierte Mitarbeiter<\/h2>\t\t\t\t<\/div>\n\t\t\t\t<\/div>\n\t\t\t\t\t<\/div>\n\t\t\t\t<\/div>\n\t\t<div class=\"elementor-element elementor-element-31c38a0 e-flex e-con-boxed wpr-particle-no wpr-jarallax-no wpr-parallax-no wpr-sticky-section-no wpr-equal-height-no e-con e-parent\" data-id=\"31c38a0\" data-element_type=\"container\" data-e-type=\"container\" id=\"programmziele\">\n\t\t\t\t\t<div class=\"e-con-inner\">\n\t\t\t\t<div class=\"elementor-element elementor-element-71926e0 elementor-absolute elementor-hidden-tablet elementor-hidden-mobile elementor-widget elementor-widget-image\" data-id=\"71926e0\" data-element_type=\"widget\" data-e-type=\"widget\" data-settings=\"{&quot;_position&quot;:&quot;absolute&quot;}\" data-widget_type=\"image.default\">\n\t\t\t\t<div class=\"elementor-widget-container\">\n\t\t\t\t\t\t\t\t\t\t\t\t\t\t\t<img fetchpriority=\"high\" decoding=\"async\" width=\"1024\" height=\"995\" src=\"https:\/\/kaeser-academy.com\/wp-content\/uploads\/2025\/04\/hintergrund-hexagon-1024x995.png\" class=\"attachment-large size-large wp-image-41\" alt=\"\" srcset=\"https:\/\/kaeser-academy.com\/wp-content\/uploads\/2025\/04\/hintergrund-hexagon-1024x995.png 1024w, https:\/\/kaeser-academy.com\/wp-content\/uploads\/2025\/04\/hintergrund-hexagon-300x292.png 300w, https:\/\/kaeser-academy.com\/wp-content\/uploads\/2025\/04\/hintergrund-hexagon-768x746.png 768w, https:\/\/kaeser-academy.com\/wp-content\/uploads\/2025\/04\/hintergrund-hexagon-1536x1493.png 1536w, https:\/\/kaeser-academy.com\/wp-content\/uploads\/2025\/04\/hintergrund-hexagon-2048x1991.png 2048w\" sizes=\"(max-width: 1024px) 100vw, 1024px\" \/>\t\t\t\t\t\t\t\t\t\t\t\t\t\t\t<\/div>\n\t\t\t\t<\/div>\n\t\t\t\t<div class=\"elementor-element elementor-element-5c56fb9 elementor-absolute elementor-hidden-tablet elementor-hidden-mobile elementor-widget elementor-widget-image\" data-id=\"5c56fb9\" data-element_type=\"widget\" data-e-type=\"widget\" data-settings=\"{&quot;_position&quot;:&quot;absolute&quot;}\" data-widget_type=\"image.default\">\n\t\t\t\t<div class=\"elementor-widget-container\">\n\t\t\t\t\t\t\t\t\t\t\t\t\t\t\t<img fetchpriority=\"high\" decoding=\"async\" width=\"1024\" height=\"995\" src=\"https:\/\/kaeser-academy.com\/wp-content\/uploads\/2025\/04\/hintergrund-hexagon-1024x995.png\" class=\"attachment-large size-large wp-image-41\" alt=\"\" srcset=\"https:\/\/kaeser-academy.com\/wp-content\/uploads\/2025\/04\/hintergrund-hexagon-1024x995.png 1024w, https:\/\/kaeser-academy.com\/wp-content\/uploads\/2025\/04\/hintergrund-hexagon-300x292.png 300w, https:\/\/kaeser-academy.com\/wp-content\/uploads\/2025\/04\/hintergrund-hexagon-768x746.png 768w, https:\/\/kaeser-academy.com\/wp-content\/uploads\/2025\/04\/hintergrund-hexagon-1536x1493.png 1536w, https:\/\/kaeser-academy.com\/wp-content\/uploads\/2025\/04\/hintergrund-hexagon-2048x1991.png 2048w\" sizes=\"(max-width: 1024px) 100vw, 1024px\" \/>\t\t\t\t\t\t\t\t\t\t\t\t\t\t\t<\/div>\n\t\t\t\t<\/div>\n\t\t\t\t<div class=\"elementor-element elementor-element-385bcec elementor-absolute elementor-hidden-tablet elementor-hidden-mobile elementor-widget elementor-widget-image\" data-id=\"385bcec\" data-element_type=\"widget\" data-e-type=\"widget\" data-settings=\"{&quot;_position&quot;:&quot;absolute&quot;}\" data-widget_type=\"image.default\">\n\t\t\t\t<div class=\"elementor-widget-container\">\n\t\t\t\t\t\t\t\t\t\t\t\t\t\t\t<img fetchpriority=\"high\" decoding=\"async\" width=\"1024\" height=\"995\" src=\"https:\/\/kaeser-academy.com\/wp-content\/uploads\/2025\/04\/hintergrund-hexagon-1024x995.png\" class=\"attachment-large size-large wp-image-41\" alt=\"\" srcset=\"https:\/\/kaeser-academy.com\/wp-content\/uploads\/2025\/04\/hintergrund-hexagon-1024x995.png 1024w, https:\/\/kaeser-academy.com\/wp-content\/uploads\/2025\/04\/hintergrund-hexagon-300x292.png 300w, https:\/\/kaeser-academy.com\/wp-content\/uploads\/2025\/04\/hintergrund-hexagon-768x746.png 768w, https:\/\/kaeser-academy.com\/wp-content\/uploads\/2025\/04\/hintergrund-hexagon-1536x1493.png 1536w, https:\/\/kaeser-academy.com\/wp-content\/uploads\/2025\/04\/hintergrund-hexagon-2048x1991.png 2048w\" sizes=\"(max-width: 1024px) 100vw, 1024px\" \/>\t\t\t\t\t\t\t\t\t\t\t\t\t\t\t<\/div>\n\t\t\t\t<\/div>\n\t\t<div class=\"elementor-element elementor-element-5fd0728 e-con-full hex-wrapper e-flex wpr-particle-no wpr-jarallax-no wpr-parallax-no wpr-sticky-section-no wpr-equal-height-no e-con e-child\" data-id=\"5fd0728\" data-element_type=\"container\" data-e-type=\"container\">\n\t\t\t\t<div class=\"elementor-element elementor-element-c2d4611 hex-heading elementor-widget elementor-widget-heading\" data-id=\"c2d4611\" data-element_type=\"widget\" data-e-type=\"widget\" data-widget_type=\"heading.default\">\n\t\t\t\t<div class=\"elementor-widget-container\">\n\t\t\t\t\t<h2 class=\"elementor-heading-title elementor-size-default\">Die transformative Kraft der Selbsterkenntnis<\/h2>\t\t\t\t<\/div>\n\t\t\t\t<\/div>\n\t\t\t\t<\/div>\n\t\t\t\t<div class=\"elementor-element elementor-element-f2eba46 elementor-widget elementor-widget-text-editor\" data-id=\"f2eba46\" data-element_type=\"widget\" data-e-type=\"widget\" data-widget_type=\"text-editor.default\">\n\t\t\t\t<div class=\"elementor-widget-container\">\n\t\t\t\t\t\t\t\t\t<p><strong>Auf der Reise zu einem besseren Verst\u00e4ndnis von sich selbst.<\/strong><\/p>\t\t\t\t\t\t\t\t<\/div>\n\t\t\t\t<\/div>\n\t\t\t\t<div class=\"elementor-element elementor-element-005a451 elementor-widget elementor-widget-text-editor\" data-id=\"005a451\" data-element_type=\"widget\" data-e-type=\"widget\" data-widget_type=\"text-editor.default\">\n\t\t\t\t<div class=\"elementor-widget-container\">\n\t\t\t\t\t\t\t\t\t<p>Menschen k\u00f6nnen ihre St\u00e4rken nur dann voll aussch\u00f6pfen oder an ihren Verbesserungspunkten arbeiten, wenn sie diese<br \/>genau kennen. Um sich selbst weiterzuentwickeln oder erfolgreich im Team zu arbeiten, brauchen sie also die<br \/>entsprechende Selbsterkenntnis. Selbsterkenntnis, die sie ben\u00f6tigen, um bei allem, was sie tun, erfolgreich zu<br \/>sein.<\/p><p><strong>&#8222;Wenn ich irgendwo hin will, muss ich zun\u00e4chst wissen, von wo ich starte.&#8220;<\/strong><br \/>Vor jeder Reise zu einem besseren Verst\u00e4ndnis fu\u0308r sich selbst steht eine ehrliche, professionelle Analyse der<br \/>eigenen Vorlieben und F\u00e4higkeiten. Mit den Online-Analyse-Tools \u201eBCA 361\u00b0\u201c und \u201eInsights Discovery\u201c bieten wir<br \/>Ihnen zwei erfolgreiche Tools zur Verhaltenskompetenz-Analyse (Behaviour Competence Analyse) und zur<br \/>Evaluation Ihrer individuellen Arbeits- und Kommunikationspr\u00e4ferenzen.<\/p>\t\t\t\t\t\t\t\t<\/div>\n\t\t\t\t<\/div>\n\t\t\t\t\t<\/div>\n\t\t\t\t<\/div>\n\t\t<div class=\"elementor-element elementor-element-21ed4f0 e-flex e-con-boxed wpr-particle-no wpr-jarallax-no wpr-parallax-no wpr-sticky-section-no wpr-equal-height-no e-con e-parent\" data-id=\"21ed4f0\" data-element_type=\"container\" data-e-type=\"container\">\n\t\t\t\t\t<div class=\"e-con-inner\">\n\t\t<div class=\"elementor-element elementor-element-683cf6d e-con-full e-flex wpr-particle-no wpr-jarallax-no wpr-parallax-no wpr-sticky-section-no wpr-equal-height-no e-con e-child\" data-id=\"683cf6d\" data-element_type=\"container\" data-e-type=\"container\" data-settings=\"{&quot;background_background&quot;:&quot;classic&quot;}\">\n\t\t\t\t<div class=\"elementor-element elementor-element-7df9a05 elementor-widget elementor-widget-image\" data-id=\"7df9a05\" data-element_type=\"widget\" data-e-type=\"widget\" data-widget_type=\"image.default\">\n\t\t\t\t<div class=\"elementor-widget-container\">\n\t\t\t\t\t\t\t\t\t\t\t\t\t\t\t<img decoding=\"async\" width=\"1280\" height=\"656\" src=\"https:\/\/kaeser-academy.com\/wp-content\/uploads\/2026\/01\/BCA361_Frontpage.png\" class=\"attachment-full size-full wp-image-3061\" alt=\"\" srcset=\"https:\/\/kaeser-academy.com\/wp-content\/uploads\/2026\/01\/BCA361_Frontpage.png 1280w, https:\/\/kaeser-academy.com\/wp-content\/uploads\/2026\/01\/BCA361_Frontpage-300x154.png 300w, https:\/\/kaeser-academy.com\/wp-content\/uploads\/2026\/01\/BCA361_Frontpage-1024x525.png 1024w, https:\/\/kaeser-academy.com\/wp-content\/uploads\/2026\/01\/BCA361_Frontpage-768x394.png 768w, https:\/\/kaeser-academy.com\/wp-content\/uploads\/2026\/01\/BCA361_Frontpage-18x9.png 18w\" sizes=\"(max-width: 1280px) 100vw, 1280px\" \/>\t\t\t\t\t\t\t\t\t\t\t\t\t\t\t<\/div>\n\t\t\t\t<\/div>\n\t\t<div class=\"elementor-element elementor-element-aecb529 e-con-full e-flex wpr-particle-no wpr-jarallax-no wpr-parallax-no wpr-sticky-section-no wpr-equal-height-no e-con e-child\" data-id=\"aecb529\" data-element_type=\"container\" data-e-type=\"container\" data-settings=\"{&quot;background_background&quot;:&quot;classic&quot;}\">\n\t\t\t\t<div class=\"elementor-element elementor-element-61e99c1 elementor-widget elementor-widget-heading\" data-id=\"61e99c1\" data-element_type=\"widget\" data-e-type=\"widget\" data-widget_type=\"heading.default\">\n\t\t\t\t<div class=\"elementor-widget-container\">\n\t\t\t\t\t<h2 class=\"elementor-heading-title elementor-size-default\">BCA361\u00b0<\/h2>\t\t\t\t<\/div>\n\t\t\t\t<\/div>\n\t\t\t\t<div class=\"elementor-element elementor-element-3934d54 elementor-widget elementor-widget-text-editor\" data-id=\"3934d54\" data-element_type=\"widget\" data-e-type=\"widget\" data-widget_type=\"text-editor.default\">\n\t\t\t\t<div class=\"elementor-widget-container\">\n\t\t\t\t\t\t\t\t\t<p>Erfassen Sie die gesamte Bandbreite der angewandten Verhaltensweisen in Ihrem Team.<\/p><p>Die BCA361\u00b0 (<strong>B<\/strong>ehavior <strong>C<\/strong>ompetence <strong>A<\/strong>nalyse) liefert Ihnen die perfekte Grundlage f\u00fcr die <strong>Planung<\/strong> und das <strong>Monitoring individueller Personalentwicklungs\u00adma\u00dfnahmen a<\/strong>uf Basis eines 360\u00b0 + 1\u00b0 Feedback-Instruments (Online).<\/p>\t\t\t\t\t\t\t\t<\/div>\n\t\t\t\t<\/div>\n\t\t\t\t<div class=\"elementor-element elementor-element-619549a elementor-align-center elementor-widget elementor-widget-button\" data-id=\"619549a\" data-element_type=\"widget\" data-e-type=\"widget\" data-widget_type=\"button.default\">\n\t\t\t\t<div class=\"elementor-widget-container\">\n\t\t\t\t\t\t\t\t\t<div class=\"elementor-button-wrapper\">\n\t\t\t\t\t<a class=\"elementor-button elementor-button-link elementor-size-sm\" href=\"\/en\/online-analyse-tools\/bca-361\/\">\n\t\t\t\t\t\t<span class=\"elementor-button-content-wrapper\">\n\t\t\t\t\t\t\t\t\t<span class=\"elementor-button-text\">Mehr erfahren \u2192<\/span>\n\t\t\t\t\t<\/span>\n\t\t\t\t\t<\/a>\n\t\t\t\t<\/div>\n\t\t\t\t\t\t\t\t<\/div>\n\t\t\t\t<\/div>\n\t\t\t\t<\/div>\n\t\t\t\t<\/div>\n\t\t<div class=\"elementor-element elementor-element-e383264 e-con-full e-flex wpr-particle-no wpr-jarallax-no wpr-parallax-no wpr-sticky-section-no wpr-equal-height-no e-con e-child\" data-id=\"e383264\" data-element_type=\"container\" data-e-type=\"container\" data-settings=\"{&quot;background_background&quot;:&quot;classic&quot;}\">\n\t\t\t\t<div class=\"elementor-element elementor-element-5714c2c elementor-widget elementor-widget-image\" data-id=\"5714c2c\" data-element_type=\"widget\" data-e-type=\"widget\" data-widget_type=\"image.default\">\n\t\t\t\t<div class=\"elementor-widget-container\">\n\t\t\t\t\t\t\t\t\t\t\t\t\t\t\t<img decoding=\"async\" width=\"1030\" height=\"520\" src=\"https:\/\/kaeser-academy.com\/wp-content\/uploads\/2026\/01\/iNSIGHTS-Deckblatt.png\" class=\"attachment-full size-full wp-image-3130\" alt=\"\" srcset=\"https:\/\/kaeser-academy.com\/wp-content\/uploads\/2026\/01\/iNSIGHTS-Deckblatt.png 1030w, https:\/\/kaeser-academy.com\/wp-content\/uploads\/2026\/01\/iNSIGHTS-Deckblatt-300x151.png 300w, https:\/\/kaeser-academy.com\/wp-content\/uploads\/2026\/01\/iNSIGHTS-Deckblatt-1024x517.png 1024w, https:\/\/kaeser-academy.com\/wp-content\/uploads\/2026\/01\/iNSIGHTS-Deckblatt-768x388.png 768w, https:\/\/kaeser-academy.com\/wp-content\/uploads\/2026\/01\/iNSIGHTS-Deckblatt-18x9.png 18w\" sizes=\"(max-width: 1030px) 100vw, 1030px\" \/>\t\t\t\t\t\t\t\t\t\t\t\t\t\t\t<\/div>\n\t\t\t\t<\/div>\n\t\t<div class=\"elementor-element elementor-element-90373e5 e-con-full e-flex wpr-particle-no wpr-jarallax-no wpr-parallax-no wpr-sticky-section-no wpr-equal-height-no e-con e-child\" data-id=\"90373e5\" data-element_type=\"container\" data-e-type=\"container\" data-settings=\"{&quot;background_background&quot;:&quot;classic&quot;}\">\n\t\t\t\t<div class=\"elementor-element elementor-element-0e60c49 elementor-widget elementor-widget-heading\" data-id=\"0e60c49\" data-element_type=\"widget\" data-e-type=\"widget\" data-widget_type=\"heading.default\">\n\t\t\t\t<div class=\"elementor-widget-container\">\n\t\t\t\t\t<h2 class=\"elementor-heading-title elementor-size-default\">Insights Discovery<\/h2>\t\t\t\t<\/div>\n\t\t\t\t<\/div>\n\t\t\t\t<div class=\"elementor-element elementor-element-2c34e46 elementor-widget elementor-widget-text-editor\" data-id=\"2c34e46\" data-element_type=\"widget\" data-e-type=\"widget\" data-widget_type=\"text-editor.default\">\n\t\t\t\t<div class=\"elementor-widget-container\">\n\t\t\t\t\t\t\t\t\t<p>Entdecken Sie Ihr <strong>pers\u00f6nliches Pr\u00e4ferenz-Profil<\/strong> mit dem Insights Online Evaluator.<\/p><p>Aus Ihren Angaben auf dem Online-Fragebogen entsteht ein umfassender Bericht mit <strong>detaillierten Informationen zu Ihren individuellen Arbeits- und Kommunikationspr\u00e4ferenzen<\/strong>.<br \/><br \/><\/p>\t\t\t\t\t\t\t\t<\/div>\n\t\t\t\t<\/div>\n\t\t\t\t<div class=\"elementor-element elementor-element-d27dff5 elementor-align-center elementor-widget elementor-widget-button\" data-id=\"d27dff5\" data-element_type=\"widget\" data-e-type=\"widget\" data-widget_type=\"button.default\">\n\t\t\t\t<div class=\"elementor-widget-container\">\n\t\t\t\t\t\t\t\t\t<div class=\"elementor-button-wrapper\">\n\t\t\t\t\t<a class=\"elementor-button elementor-button-link elementor-size-sm\" href=\"\/en\/online-analyse-tools\/insights-discovery\/\">\n\t\t\t\t\t\t<span class=\"elementor-button-content-wrapper\">\n\t\t\t\t\t\t\t\t\t<span class=\"elementor-button-text\">Mehr erfahren \u2192<\/span>\n\t\t\t\t\t<\/span>\n\t\t\t\t\t<\/a>\n\t\t\t\t<\/div>\n\t\t\t\t\t\t\t\t<\/div>\n\t\t\t\t<\/div>\n\t\t\t\t<\/div>\n\t\t\t\t<\/div>\n\t\t\t\t\t<\/div>\n\t\t\t\t<\/div>\n\t\t\t\t<\/div>","protected":false},"excerpt":{"rendered":"<p>Online Analyse Tools fu\u0308r Personalentwickler, Teamverantwortliche und motivierte Mitarbeiter Die transformative Kraft der Selbsterkenntnis Auf der Reise zu einem besseren Verst\u00e4ndnis von sich selbst. Menschen k\u00f6nnen ihre St\u00e4rken nur dann voll aussch\u00f6pfen oder an ihren Verbesserungspunkten arbeiten, wenn sie diesegenau kennen. Um sich selbst weiterzuentwickeln oder erfolgreich im Team zu arbeiten, brauchen sie also dieentsprechende Selbsterkenntnis. Selbsterkenntnis, die sie ben\u00f6tigen, um bei allem, was sie tun, erfolgreich zusein. &#8222;Wenn ich irgendwo hin will, muss ich zun\u00e4chst wissen, von wo ich starte.&#8220;Vor jeder Reise zu einem besseren Verst\u00e4ndnis fu\u0308r sich selbst steht eine ehrliche, professionelle Analyse dereigenen Vorlieben und F\u00e4higkeiten. Mit den Online-Analyse-Tools \u201eBCA 361\u00b0\u201c und \u201eInsights Discovery\u201c bieten wirIhnen zwei erfolgreiche Tools zur Verhaltenskompetenz-Analyse (Behaviour Competence Analyse) und zurEvaluation Ihrer individuellen Arbeits- und Kommunikationspr\u00e4ferenzen. BCA361\u00b0 Erfassen Sie die gesamte Bandbreite der angewandten Verhaltensweisen in Ihrem Team. Die BCA361\u00b0 (Behavior Competence Analyse) liefert Ihnen die perfekte Grundlage f\u00fcr die Planung und das Monitoring individueller Personalentwicklungs\u00adma\u00dfnahmen auf Basis eines 360\u00b0 + 1\u00b0 Feedback-Instruments (Online). Mehr erfahren \u2192 Insights Discovery Entdecken Sie Ihr pers\u00f6nliches Pr\u00e4ferenz-Profil mit dem Insights Online Evaluator. Aus Ihren Angaben auf dem Online-Fragebogen entsteht ein umfassender Bericht mit detaillierten Informationen zu Ihren individuellen Arbeits- und Kommunikationspr\u00e4ferenzen. Mehr erfahren \u2192<\/p>","protected":false},"author":1,"featured_media":0,"parent":0,"menu_order":0,"comment_status":"closed","ping_status":"closed","template":"elementor_header_footer","meta":{"inline_featured_image":false,"site-sidebar-layout":"no-sidebar","site-content-layout":"","ast-site-content-layout":"full-width-container","site-content-style":"default","site-sidebar-style":"default","ast-global-header-display":"","ast-banner-title-visibility":"","ast-main-header-display":"","ast-hfb-above-header-display":"","ast-hfb-below-header-display":"","ast-hfb-mobile-header-display":"","site-post-title":"disabled","ast-breadcrumbs-content":"","ast-featured-img":"disabled","footer-sml-layout":"","ast-disable-related-posts":"","theme-transparent-header-meta":"","adv-header-id-meta":"","stick-header-meta":"","header-above-stick-meta":"","header-main-stick-meta":"","header-below-stick-meta":"","astra-migrate-meta-layouts":"default","ast-page-background-enabled":"default","ast-page-background-meta":{"desktop":{"background-color":"var(--ast-global-color-5)","background-image":"","background-repeat":"repeat","background-position":"center center","background-size":"auto","background-attachment":"scroll","background-type":"","background-media":"","overlay-type":"","overlay-color":"","overlay-opacity":"","overlay-gradient":""},"tablet":{"background-color":"","background-image":"","background-repeat":"repeat","background-position":"center center","background-size":"auto","background-attachment":"scroll","background-type":"","background-media":"","overlay-type":"","overlay-color":"","overlay-opacity":"","overlay-gradient":""},"mobile":{"background-color":"","background-image":"","background-repeat":"repeat","background-position":"center center","background-size":"auto","background-attachment":"scroll","background-type":"","background-media":"","overlay-type":"","overlay-color":"","overlay-opacity":"","overlay-gradient":""}},"ast-content-background-meta":{"desktop":{"background-color":"var(--ast-global-color-4)","background-image":"","background-repeat":"repeat","background-position":"center center","background-size":"auto","background-attachment":"scroll","background-type":"","background-media":"","overlay-type":"","overlay-color":"","overlay-opacity":"","overlay-gradient":""},"tablet":{"background-color":"var(--ast-global-color-4)","background-image":"","background-repeat":"repeat","background-position":"center center","background-size":"auto","background-attachment":"scroll","background-type":"","background-media":"","overlay-type":"","overlay-color":"","overlay-opacity":"","overlay-gradient":""},"mobile":{"background-color":"var(--ast-global-color-4)","background-image":"","background-repeat":"repeat","background-position":"center center","background-size":"auto","background-attachment":"scroll","background-type":"","background-media":"","overlay-type":"","overlay-color":"","overlay-opacity":"","overlay-gradient":""}},"footnotes":""},"class_list":["post-2864","page","type-page","status-publish","hentry"],"_links":{"self":[{"href":"https:\/\/kaeser-academy.com\/en\/wp-json\/wp\/v2\/pages\/2864","targetHints":{"allow":["GET"]}}],"collection":[{"href":"https:\/\/kaeser-academy.com\/en\/wp-json\/wp\/v2\/pages"}],"about":[{"href":"https:\/\/kaeser-academy.com\/en\/wp-json\/wp\/v2\/types\/page"}],"author":[{"embeddable":true,"href":"https:\/\/kaeser-academy.com\/en\/wp-json\/wp\/v2\/users\/1"}],"replies":[{"embeddable":true,"href":"https:\/\/kaeser-academy.com\/en\/wp-json\/wp\/v2\/comments?post=2864"}],"version-history":[{"count":10,"href":"https:\/\/kaeser-academy.com\/en\/wp-json\/wp\/v2\/pages\/2864\/revisions"}],"predecessor-version":[{"id":3396,"href":"https:\/\/kaeser-academy.com\/en\/wp-json\/wp\/v2\/pages\/2864\/revisions\/3396"}],"wp:attachment":[{"href":"https:\/\/kaeser-academy.com\/en\/wp-json\/wp\/v2\/media?parent=2864"}],"curies":[{"name":"wp","href":"https:\/\/api.w.org\/{rel}","templated":true}]}}