{"id":538,"date":"2025-04-15T16:23:09","date_gmt":"2025-04-15T14:23:09","guid":{"rendered":"https:\/\/kaeser-academy.com\/?page_id=538"},"modified":"2026-01-19T16:06:58","modified_gmt":"2026-01-19T15:06:58","slug":"impressum","status":"publish","type":"page","link":"https:\/\/kaeser-academy.com\/en\/impressum\/","title":{"rendered":"Imprint"},"content":{"rendered":"<div data-elementor-type=\"wp-page\" data-elementor-id=\"538\" class=\"elementor elementor-538\" data-elementor-post-type=\"page\">\n\t\t\t\t<div class=\"elementor-element elementor-element-bf3a22a e-flex e-con-boxed wpr-particle-no wpr-jarallax-no wpr-parallax-no wpr-sticky-section-no wpr-equal-height-no e-con e-parent\" data-id=\"bf3a22a\" data-element_type=\"container\" data-e-type=\"container\">\n\t\t\t\t\t<div class=\"e-con-inner\">\n\t\t\t\t<div class=\"elementor-element elementor-element-b7cf641 elementor-widget elementor-widget-heading\" data-id=\"b7cf641\" data-element_type=\"widget\" data-e-type=\"widget\" data-widget_type=\"heading.default\">\n\t\t\t\t<div class=\"elementor-widget-container\">\n\t\t\t\t\t<h2 class=\"elementor-heading-title elementor-size-default\">Imprint<\/h2>\t\t\t\t<\/div>\n\t\t\t\t<\/div>\n\t\t\t\t<div class=\"elementor-element elementor-element-86230af elementor-widget elementor-widget-text-editor\" data-id=\"86230af\" data-element_type=\"widget\" data-e-type=\"widget\" data-widget_type=\"text-editor.default\">\n\t\t\t\t<div class=\"elementor-widget-container\">\n\t\t\t\t\t\t\t\t\t<p><strong><span class=\"TextRun SCXW183282895 BCX8\" lang=\"DE-CH\" xml:lang=\"DE-CH\" data-contrast=\"auto\"><span class=\"NormalTextRun SCXW183282895 BCX8\">Anbieter \/ Diensteanbieter<\/span><\/span><span class=\"EOP SCXW183282895 BCX8\" data-ccp-props=\"{}\"><br \/><\/span><\/strong><br \/><span style=\"font-family: 'Arial Black', 'Avant Garde';\">K\u00e4ser Academy GmbH<\/span><br \/>Halden 24<br \/>CH-8604 Volketswil<\/p><p><span style=\"font-family: Georgia, Palatino;\">Gesch\u00e4ftsf\u00fchrer<\/span>:\u00a0<span style=\"color: #000000; font-family: Georgia, Palatino; font-size: 12pt;\">Thomas Stade, Rolf Zellweger<\/span><\/p><p><span class=\"TextRun SCXW62305911 BCX8\" lang=\"DE-CH\" xml:lang=\"DE-CH\" data-contrast=\"auto\"><span class=\"NormalTextRun SCXW62305911 BCX8\">Handelsregistereintrag:<\/span><\/span><br \/><span class=\"NormalTextRun SCXW62305911 BCX8\">Eingetragen<\/span><span class=\"NormalTextRun SCXW62305911 BCX8\">\u00a0im Handelsregister des Kantons Z\u00fcrich<\/span><br \/>USt-ID: CHE-387.313.112<br \/><span class=\"TextRun SCXW56185693 BCX8\" lang=\"DE-CH\" xml:lang=\"DE-CH\" data-contrast=\"auto\"><span class=\"NormalTextRun SCXW56185693 BCX8\">MWST-Nr. (Schweiz):<\/span><\/span><span class=\"LineBreakBlob BlobObject DragDrop SCXW56185693 BCX8\"><span class=\"SCXW56185693 BCX8\">\u00a0<\/span><br class=\"SCXW56185693 BCX8\" \/><\/span><span class=\"TextRun SCXW56185693 BCX8\" lang=\"DE-CH\" xml:lang=\"DE-CH\" data-contrast=\"auto\"><span class=\"NormalTextRun SCXW56185693 BCX8\">CHE-387.313.112 MWST<\/span><\/span><span class=\"EOP SCXW56185693 BCX8\" data-ccp-props=\"{}\">\u00a0<\/span><\/p><p>E-Mail: contact@kaeser-academy.com<\/p><p><span style=\"color: #000000; font-family: Arial, Helvetica, sans-serif; font-size: 14.6667px;\">Verantwortliche\/r i.S.d. \u00a7 18 Abs. 2 MStV (DE) bzw. Art. 322 StGB (CH): Thomas Stade<\/span><\/p><p><b><span data-contrast=\"auto\">Zus\u00e4tzliche Angaben f\u00fcr Deutschland \/ EU<\/span><\/b><span data-ccp-props=\"{}\">\u00a0<br \/><\/span><span data-contrast=\"auto\">Verantwortlich f\u00fcr den Inhalt nach \u00a7 18 Abs. 2\u00a0MStV\u00a0(Deutschland):<\/span>\u00a0<br \/><span data-contrast=\"auto\">Thomas Stade\u00a0&amp; Rolf Zellweger, Anschrift wie oben<\/span><span data-ccp-props=\"{}\">\u00a0<\/span><\/p><p><strong>Verbraucher\u00adstreit\u00adbeilegung\/Universal\u00adschlichtungs\u00adstelle<br \/><\/strong>Wir sind nicht bereit oder verpflichtet, an Streitbeilegungsverfahren vor einer Verbraucherschlichtungsstelle teilzunehmen.<\/p>\t\t\t\t\t\t\t\t<\/div>\n\t\t\t\t<\/div>\n\t\t\t\t\t<\/div>\n\t\t\t\t<\/div>\n\t\t\t\t<\/div>","protected":false},"excerpt":{"rendered":"<p>Impressum Anbieter \/ DiensteanbieterK\u00e4ser Academy GmbHHalden 24CH-8604 Volketswil Gesch\u00e4ftsf\u00fchrer:\u00a0Thomas Stade, Rolf Zellweger Handelsregistereintrag:Eingetragen\u00a0im Handelsregister des Kantons Z\u00fcrichUSt-ID: CHE-387.313.112MWST-Nr. (Schweiz):\u00a0CHE-387.313.112 MWST\u00a0 E-Mail: contact@kaeser-academy.com Verantwortliche\/r i.S.d. \u00a7 18 Abs. 2 MStV (DE) bzw. Art. 322 StGB (CH): Thomas Stade Zus\u00e4tzliche Angaben f\u00fcr Deutschland \/ EU\u00a0Verantwortlich f\u00fcr den Inhalt nach \u00a7 18 Abs. 2\u00a0MStV\u00a0(Deutschland):\u00a0Thomas Stade\u00a0&amp; Rolf Zellweger, Anschrift wie oben\u00a0 Verbraucher\u00adstreit\u00adbeilegung\/Universal\u00adschlichtungs\u00adstelleWir sind nicht bereit oder verpflichtet, an Streitbeilegungsverfahren vor einer Verbraucherschlichtungsstelle teilzunehmen.<\/p>","protected":false},"author":1,"featured_media":0,"parent":0,"menu_order":0,"comment_status":"closed","ping_status":"closed","template":"elementor_header_footer","meta":{"inline_featured_image":false,"site-sidebar-layout":"no-sidebar","site-content-layout":"","ast-site-content-layout":"full-width-container","site-content-style":"default","site-sidebar-style":"default","ast-global-header-display":"","ast-banner-title-visibility":"","ast-main-header-display":"","ast-hfb-above-header-display":"","ast-hfb-below-header-display":"","ast-hfb-mobile-header-display":"","site-post-title":"disabled","ast-breadcrumbs-content":"","ast-featured-img":"disabled","footer-sml-layout":"","ast-disable-related-posts":"","theme-transparent-header-meta":"","adv-header-id-meta":"","stick-header-meta":"","header-above-stick-meta":"","header-main-stick-meta":"","header-below-stick-meta":"","astra-migrate-meta-layouts":"default","ast-page-background-enabled":"default","ast-page-background-meta":{"desktop":{"background-color":"var(--ast-global-color-5)","background-image":"","background-repeat":"repeat","background-position":"center center","background-size":"auto","background-attachment":"scroll","background-type":"","background-media":"","overlay-type":"","overlay-color":"","overlay-opacity":"","overlay-gradient":""},"tablet":{"background-color":"","background-image":"","background-repeat":"repeat","background-position":"center center","background-size":"auto","background-attachment":"scroll","background-type":"","background-media":"","overlay-type":"","overlay-color":"","overlay-opacity":"","overlay-gradient":""},"mobile":{"background-color":"","background-image":"","background-repeat":"repeat","background-position":"center center","background-size":"auto","background-attachment":"scroll","background-type":"","background-media":"","overlay-type":"","overlay-color":"","overlay-opacity":"","overlay-gradient":""}},"ast-content-background-meta":{"desktop":{"background-color":"var(--ast-global-color-4)","background-image":"","background-repeat":"repeat","background-position":"center center","background-size":"auto","background-attachment":"scroll","background-type":"","background-media":"","overlay-type":"","overlay-color":"","overlay-opacity":"","overlay-gradient":""},"tablet":{"background-color":"var(--ast-global-color-4)","background-image":"","background-repeat":"repeat","background-position":"center center","background-size":"auto","background-attachment":"scroll","background-type":"","background-media":"","overlay-type":"","overlay-color":"","overlay-opacity":"","overlay-gradient":""},"mobile":{"background-color":"var(--ast-global-color-4)","background-image":"","background-repeat":"repeat","background-position":"center center","background-size":"auto","background-attachment":"scroll","background-type":"","background-media":"","overlay-type":"","overlay-color":"","overlay-opacity":"","overlay-gradient":""}},"footnotes":""},"class_list":["post-538","page","type-page","status-publish","hentry"],"_links":{"self":[{"href":"https:\/\/kaeser-academy.com\/en\/wp-json\/wp\/v2\/pages\/538","targetHints":{"allow":["GET"]}}],"collection":[{"href":"https:\/\/kaeser-academy.com\/en\/wp-json\/wp\/v2\/pages"}],"about":[{"href":"https:\/\/kaeser-academy.com\/en\/wp-json\/wp\/v2\/types\/page"}],"author":[{"embeddable":true,"href":"https:\/\/kaeser-academy.com\/en\/wp-json\/wp\/v2\/users\/1"}],"replies":[{"embeddable":true,"href":"https:\/\/kaeser-academy.com\/en\/wp-json\/wp\/v2\/comments?post=538"}],"version-history":[{"count":10,"href":"https:\/\/kaeser-academy.com\/en\/wp-json\/wp\/v2\/pages\/538\/revisions"}],"predecessor-version":[{"id":2860,"href":"https:\/\/kaeser-academy.com\/en\/wp-json\/wp\/v2\/pages\/538\/revisions\/2860"}],"wp:attachment":[{"href":"https:\/\/kaeser-academy.com\/en\/wp-json\/wp\/v2\/media?parent=538"}],"curies":[{"name":"wp","href":"https:\/\/api.w.org\/{rel}","templated":true}]}}